{"id":89,"date":"2017-01-30T23:35:56","date_gmt":"2017-01-30T22:35:56","guid":{"rendered":"http:\/\/www.pingwho.org\/?page_id=89"},"modified":"2026-04-18T15:40:12","modified_gmt":"2026-04-18T13:40:12","slug":"contact","status":"publish","type":"page","link":"https:\/\/www.pingwho.org\/index.php\/contact\/","title":{"rendered":"Contact"},"content":{"rendered":"<p><a href=\"https:\/\/www.pingwho.org\"><em><strong>www.pingwho.org<\/strong><\/em><\/a> est un site didactique destin\u00e9 \u00e0 collaborer dans le milieu Open Source, notamment autour de la m\u00e9ta distribution <a href=\"http:\/\/www.gentoo.org\"><em><strong>Gentoo Linux<\/strong><\/em><\/a>.<\/p>\n<p>Si vous le souhaitez, il vous est possible de me contacter par courriel, \u00e0 l&rsquo;adresse suivante : <a href=\"mailto:contact@pingwho.org\">contact@pingwho.org<\/a><\/p>\n","protected":false},"excerpt":{"rendered":"<p>www.pingwho.org est un site didactique destin\u00e9 \u00e0 collaborer dans le milieu Open Source, notamment autour de la m\u00e9ta distribution Gentoo Linux. Si vous le souhaitez, il vous est possible de me contacter par courriel, \u00e0 l&rsquo;adresse suivante : contact@pingwho.org<\/p>\n","protected":false},"author":1,"featured_media":0,"parent":0,"menu_order":0,"comment_status":"closed","ping_status":"closed","template":"","meta":{"footnotes":""},"class_list":["post-89","page","type-page","status-publish","hentry"],"_links":{"self":[{"href":"https:\/\/www.pingwho.org\/index.php\/wp-json\/wp\/v2\/pages\/89","targetHints":{"allow":["GET"]}}],"collection":[{"href":"https:\/\/www.pingwho.org\/index.php\/wp-json\/wp\/v2\/pages"}],"about":[{"href":"https:\/\/www.pingwho.org\/index.php\/wp-json\/wp\/v2\/types\/page"}],"author":[{"embeddable":true,"href":"https:\/\/www.pingwho.org\/index.php\/wp-json\/wp\/v2\/users\/1"}],"replies":[{"embeddable":true,"href":"https:\/\/www.pingwho.org\/index.php\/wp-json\/wp\/v2\/comments?post=89"}],"version-history":[{"count":9,"href":"https:\/\/www.pingwho.org\/index.php\/wp-json\/wp\/v2\/pages\/89\/revisions"}],"predecessor-version":[{"id":731,"href":"https:\/\/www.pingwho.org\/index.php\/wp-json\/wp\/v2\/pages\/89\/revisions\/731"}],"wp:attachment":[{"href":"https:\/\/www.pingwho.org\/index.php\/wp-json\/wp\/v2\/media?parent=89"}],"curies":[{"name":"wp","href":"https:\/\/api.w.org\/{rel}","templated":true}]}}